{"id":1590,"date":"2023-05-18T09:16:42","date_gmt":"2023-05-18T07:16:42","guid":{"rendered":"http:\/\/houltz.lu\/?page_id=1590"},"modified":"2023-06-05T20:38:36","modified_gmt":"2023-06-05T18:38:36","slug":"reglement","status":"publish","type":"page","link":"https:\/\/houltz.lu\/index.php\/fanfare\/reglement\/","title":{"rendered":"Reglement"},"content":{"rendered":"\t\t<div data-elementor-type=\"wp-page\" data-elementor-id=\"1590\" class=\"elementor elementor-1590\" data-elementor-post-type=\"page\">\n\t\t\t\t\t\t<section class=\"elementor-section elementor-top-section elementor-element elementor-element-84f5804 elementor-section-boxed elementor-section-height-default elementor-section-height-default\" data-id=\"84f5804\" data-element_type=\"section\" data-e-type=\"section\">\n\t\t\t\t\t\t<div class=\"elementor-container elementor-column-gap-default\">\n\t\t\t\t\t<div class=\"elementor-column elementor-col-100 elementor-top-column elementor-element elementor-element-5816c87\" data-id=\"5816c87\" data-element_type=\"column\" data-e-type=\"column\">\n\t\t\t<div class=\"elementor-widget-wrap elementor-element-populated\">\n\t\t\t\t\t\t<div class=\"elementor-element elementor-element-7547d64 elementor-widget elementor-widget-heading\" data-id=\"7547d64\" data-element_type=\"widget\" data-e-type=\"widget\" data-widget_type=\"heading.default\">\n\t\t\t\t<div class=\"elementor-widget-container\">\n\t\t\t\t\t<h2 class=\"elementor-heading-title elementor-size-default\">Reglement Kulinareschen Tr\u00ebppeltour<\/h2>\t\t\t\t<\/div>\n\t\t\t\t<\/div>\n\t\t\t\t\t<\/div>\n\t\t<\/div>\n\t\t\t\t\t<\/div>\n\t\t<\/section>\n\t\t\t\t<section class=\"elementor-section elementor-top-section elementor-element elementor-element-2c9cc0d elementor-section-boxed elementor-section-height-default elementor-section-height-default\" data-id=\"2c9cc0d\" data-element_type=\"section\" data-e-type=\"section\">\n\t\t\t\t\t\t<div class=\"elementor-container elementor-column-gap-default\">\n\t\t\t\t\t<div class=\"elementor-column elementor-col-100 elementor-top-column elementor-element elementor-element-4365622\" data-id=\"4365622\" data-element_type=\"column\" data-e-type=\"column\">\n\t\t\t<div class=\"elementor-widget-wrap elementor-element-populated\">\n\t\t\t\t\t\t<div class=\"elementor-element elementor-element-fe1e99a elementor-widget elementor-widget-text-editor\" data-id=\"fe1e99a\" data-element_type=\"widget\" data-e-type=\"widget\" data-widget_type=\"text-editor.default\">\n\t\t\t\t<div class=\"elementor-widget-container\">\n\t\t\t\t\t\t\t\t\t<ol><li>La participation se fait uniquement sur r\u00e9servation et contre paiement anticip\u00e9. Le nombre de participants est limit\u00e9. Les r\u00e9servations sont prises en compte par ordre de paiement. Les mineurs devront \u00eatre accompagn\u00e9s par un adulte.<\/li><li>Chaque participant veillera \u00e0 se munir d&#8217;un \u00e9quipement adapt\u00e9 \u00e0 une randonn\u00e9e p\u00e9destre et aux conditions m\u00e9t\u00e9orologiques.<\/li><li>Les chiens devront \u00eatre men\u00e9s selon les r\u00e8glements en vigueur.<\/li><li>L\u2019organisateur d\u00e9cline toute responsabilit\u00e9 en cas d\u2019accident, d\u2019incidents m\u00e9dicaux ou de vol durant la manifestation.<\/li><li>En cas de conditions m\u00e9t\u00e9orologiques exceptionnelles ou d\u2019un nombre de participants insuffisant, la manifestation sera annul\u00e9e et les participants seront rembours\u00e9s.<\/li><li><p>Pour toutes les r\u00e9servations et inscriptions, les dispositions d\u2019annulation suivantes sont applicables :<\/p><ul><li>Annulation jusqu\u2019\u00e0 14 jours avant la date de la Marche Gourmande: remboursement de 100% du prix.\u00a0<\/li><li>Cette date d\u00e9pass\u00e9e: aucun remboursement. Le montant int\u00e9gral de r\u00e9servation restera acquis \u00e0 l\u2019organisateur.<\/li><\/ul><\/li><li>Aucune violence de forme verbale ou physique ne sera tol\u00e9r\u00e9e sur le site. Toute personne ne respectant pas ce point sera imm\u00e9diatement escort\u00e9e hors du site.<\/li><li>Par sa participation \u00e0 la Marche Gourmande \u00e0 Holtz, chaque participant autorise express\u00e9ment l\u2019organisateur ( ou ses ayants droit ) \u00e0 utiliser ou faire utiliser ou reproduire ou faire reproduire son nom, son image, sa voix dans le cadre de la Marche Gourmande en vue de toute exploitation directe ou sous forme d\u00e9riv\u00e9e de l\u2019epreuve et ce, sur tout support, dans le monde entier, par tous moyens connus ou inconnus \u00e0 ce jour, et pour toute la dur\u00e9e de protection actuellement accord\u00e9e \u00e0 ces exploitations directes ou d\u00e9riv\u00e9es par prolongations \u00e9ventuelles qui pourraient \u00eatre apport\u00e9es \u00e0 cette dur\u00e9e.<br \/>Conform\u00e9ment \u00e0 la loi chaque participant dispose d\u2019un droit d\u2019acc\u00e8s et de rectification aux donn\u00e9es \u00e0 caract\u00e8re personnel le concernant et qui seront uniquement trait\u00e9es aux fins d\u2019organisation, d\u2019ex\u00e9cution et conclusion de la Marche Gourmande Holtz .<\/li><\/ol><div>\u00a0<\/div><div>Fanfare Sapeurs Pompiers Holtz a.s.b.l.<\/div><div>\u00a0<\/div>\t\t\t\t\t\t\t\t<\/div>\n\t\t\t\t<\/div>\n\t\t\t\t\t<\/div>\n\t\t<\/div>\n\t\t\t\t\t<\/div>\n\t\t<\/section>\n\t\t\t\t<\/div>\n\t\t","protected":false},"excerpt":{"rendered":"<p>Reglement Kulinareschen Tr\u00ebppeltour La participation se fait uniquement sur r\u00e9servation et contre paiement anticip\u00e9. Le nombre de participants est limit\u00e9. Les r\u00e9servations [&hellip;]<\/p>\n","protected":false},"author":1,"featured_media":0,"parent":19,"menu_order":0,"comment_status":"closed","ping_status":"closed","template":"elementor_header_footer","meta":{"jetpack_post_was_ever_published":false,"footnotes":""},"class_list":["post-1590","page","type-page","status-publish","hentry"],"jetpack_sharing_enabled":true,"jetpack_shortlink":"https:\/\/wp.me\/PaSRtH-pE","_links":{"self":[{"href":"https:\/\/houltz.lu\/index.php\/wp-json\/wp\/v2\/pages\/1590","targetHints":{"allow":["GET"]}}],"collection":[{"href":"https:\/\/houltz.lu\/index.php\/wp-json\/wp\/v2\/pages"}],"about":[{"href":"https:\/\/houltz.lu\/index.php\/wp-json\/wp\/v2\/types\/page"}],"author":[{"embeddable":true,"href":"https:\/\/houltz.lu\/index.php\/wp-json\/wp\/v2\/users\/1"}],"replies":[{"embeddable":true,"href":"https:\/\/houltz.lu\/index.php\/wp-json\/wp\/v2\/comments?post=1590"}],"version-history":[{"count":28,"href":"https:\/\/houltz.lu\/index.php\/wp-json\/wp\/v2\/pages\/1590\/revisions"}],"predecessor-version":[{"id":1675,"href":"https:\/\/houltz.lu\/index.php\/wp-json\/wp\/v2\/pages\/1590\/revisions\/1675"}],"up":[{"embeddable":true,"href":"https:\/\/houltz.lu\/index.php\/wp-json\/wp\/v2\/pages\/19"}],"wp:attachment":[{"href":"https:\/\/houltz.lu\/index.php\/wp-json\/wp\/v2\/media?parent=1590"}],"curies":[{"name":"wp","href":"https:\/\/api.w.org\/{rel}","templated":true}]}}